{"id":943,"date":"2024-11-14T00:33:01","date_gmt":"2024-11-13T23:33:01","guid":{"rendered":"https:\/\/linerlesslabels.be\/product\/etiquettes-linerless-58x65-metres\/"},"modified":"2024-11-14T00:33:01","modified_gmt":"2024-11-13T23:33:01","slug":"etiquettes-linerless-58x65-metres","status":"publish","type":"product","link":"https:\/\/linerlesslabels.be\/fr\/product\/etiquettes-linerless-58x65-metres\/","title":{"rendered":"\u00c9tiquettes Linerless 58&#215;65 m\u00e8tres"},"content":{"rendered":"<p>Les \u00e9tiquettes Linerless sont des \u00e9tiquettes qui n&rsquo;ont pas de support. Les \u00e9tiquettes traditionnelles sont appos\u00e9es sur un support en papier ou en plastique (feuille de protection), qui est jet\u00e9 apr\u00e8s l&rsquo;application de l&rsquo;\u00e9tiquette. Les \u00e9tiquettes Linerless, quant \u00e0 elles, se d\u00e9roulent directement du rouleau sans laisser de support, ce qui r\u00e9duit les d\u00e9chets.<\/p>\n<div class=\"elementor-element elementor-element-91da5e6 elementor-widget elementor-widget-heading\" data-id=\"91da5e6\" data-element_type=\"widget\" data-widget_type=\"heading.default\">\n<div class=\"elementor-widget-container\">\n<h3 class=\"elementor-heading-title elementor-size-default\">Les avantages des \u00e9tiquettes Linerless :<\/h3>\n<\/div>\n<\/div>\n<div class=\"elementor-element elementor-element-80926aa elementor-icon-list--layout-traditional elementor-list-item-link-full_width elementor-widget elementor-widget-icon-list\" data-id=\"80926aa\" data-element_type=\"widget\" data-widget_type=\"icon-list.default\">\n<div class=\"elementor-widget-container\">\n<ul class=\"elementor-icon-list-items\">\n<li class=\"elementor-icon-list-item\"><i class=\"fas fa-leaf\" aria-hidden=\"true\"><\/i><span class=\"elementor-icon-list-text\"><b>Respect de l&rsquo;environnement : <\/b>l&rsquo;absence de b\u00e2che permet de r\u00e9duire les d\u00e9chets et de s&rsquo;inscrire dans une d\u00e9marche durable.<\/span><\/li>\n<li class=\"elementor-icon-list-item\"><i class=\"fas fa-coins\" aria-hidden=\"true\"><\/i><span class=\"elementor-icon-list-text\">R\u00e9duction des <b>co\u00fbts : <\/b>moins de d\u00e9chets signifie moins de co\u00fbts d&rsquo;\u00e9limination, et plus d&rsquo;\u00e9tiquettes peuvent tenir sur un rouleau, ce qui r\u00e9duit la n\u00e9cessit\u00e9 de remplacer le rouleau.<\/span><\/li>\n<li class=\"elementor-icon-list-item\"><i class=\"fas fa-cut\" aria-hidden=\"true\"><\/i><span class=\"elementor-icon-list-text\"><b>Flexibilit\u00e9 :<\/b> ces \u00e9tiquettes peuvent \u00eatre coup\u00e9es en longueurs variables, ce qui est utile pour les applications n\u00e9cessitant des tailles diff\u00e9rentes.<\/span><\/li>\n<li class=\"elementor-icon-list-item\"><i class=\"fas fa-hands\" aria-hidden=\"true\"><\/i><span class=\"elementor-icon-list-text\"><b>Gain de place :<\/b> les \u00e9tiquettes prennent moins de place que les rouleaux d&rsquo;\u00e9tiquettes traditionnels munis d&rsquo;une feuille de protection.<\/span><\/li>\n<\/ul>\n<\/div>\n<\/div>\n","protected":false},"excerpt":{"rendered":"<p>\u00c9tiquettes Linerless 58&#215;65 m\u00e8tres<\/p>\n<p>30 rouleaux par bo\u00eete<\/p>\n<p>Format : Largeur 58mm<\/p>\n<p>Longueur du papier : 65 m\u00e8tres<\/p>\n<p>Mat\u00e9riau : Thermo top, sans ph\u00e9nol<\/p>\n<p>Noyau : 40mm<\/p>\n<p>Enroulement \u00e0 l&rsquo;ext\u00e9rieur<\/p>\n<p>Prix par rouleau pour 1 bo\u00eete : \u20ac4.16<\/p>\n<p>Prix par rouleau \u00e0 l&rsquo;achat de 3 bo\u00eetes : \u20ac3.85<\/p>\n<p>Prix par rouleau pour 5 bo\u00eetes : \u20ac3.55<\/p>\n","protected":false},"featured_media":790,"comment_status":"closed","ping_status":"closed","template":"","meta":[],"product_brand":[],"product_cat":[74],"product_tag":[],"class_list":{"0":"post-943","1":"product","2":"type-product","3":"status-publish","4":"has-post-thumbnail","6":"product_cat-etiquettes-linerless-58x65-metres","8":"first","9":"instock","10":"taxable","11":"shipping-taxable","12":"purchasable","13":"product-type-simple"},"tiered_pricing_type":"fixed","tiered_pricing_fixed_rules":{"3":"115.60","5":"106.50"},"tiered_pricing_product_settings":{"layout":"default","base_unit_name":{"singular":null,"plural":null},"default_variation":null},"tiered_pricing_minimum_quantity":null,"tiered_pricing_roles_data":[],"tiered_pricing_percentage_rules":[],"_links":{"self":[{"href":"https:\/\/linerlesslabels.be\/fr\/wp-json\/wp\/v2\/product\/943","targetHints":{"allow":["GET"]}}],"collection":[{"href":"https:\/\/linerlesslabels.be\/fr\/wp-json\/wp\/v2\/product"}],"about":[{"href":"https:\/\/linerlesslabels.be\/fr\/wp-json\/wp\/v2\/types\/product"}],"replies":[{"embeddable":true,"href":"https:\/\/linerlesslabels.be\/fr\/wp-json\/wp\/v2\/comments?post=943"}],"wp:featuredmedia":[{"embeddable":true,"href":"https:\/\/linerlesslabels.be\/fr\/wp-json\/wp\/v2\/media\/790"}],"wp:attachment":[{"href":"https:\/\/linerlesslabels.be\/fr\/wp-json\/wp\/v2\/media?parent=943"}],"wp:term":[{"taxonomy":"product_brand","embeddable":true,"href":"https:\/\/linerlesslabels.be\/fr\/wp-json\/wp\/v2\/product_brand?post=943"},{"taxonomy":"product_cat","embeddable":true,"href":"https:\/\/linerlesslabels.be\/fr\/wp-json\/wp\/v2\/product_cat?post=943"},{"taxonomy":"product_tag","embeddable":true,"href":"https:\/\/linerlesslabels.be\/fr\/wp-json\/wp\/v2\/product_tag?post=943"}],"curies":[{"name":"wp","href":"https:\/\/api.w.org\/{rel}","templated":true}]}}