{"id":944,"date":"2024-11-14T00:29:43","date_gmt":"2024-11-13T23:29:43","guid":{"rendered":"https:\/\/linerlesslabels.be\/product\/balance-a-etiquettes-bizerba-58x43\/"},"modified":"2024-11-14T00:29:43","modified_gmt":"2024-11-13T23:29:43","slug":"balance-a-etiquettes-bizerba-58x43","status":"publish","type":"product","link":"https:\/\/linerlesslabels.be\/fr\/product\/balance-a-etiquettes-bizerba-58x43\/","title":{"rendered":"Balance \u00e0 \u00e9tiquettes Bizerba 58&#215;43"},"content":{"rendered":"<div class=\"flex max-w-full flex-col flex-grow\">\n<div class=\"min-h-8 text-message flex w-full flex-col items-end gap-2 whitespace-normal break-words [.text-message+&amp;]:mt-5\" dir=\"auto\" data-message-author-role=\"assistant\" data-message-id=\"725b1b05-2062-4c5b-a3d6-c85c261f16f4\" data-message-model-slug=\"gpt-4o\">\n<div class=\"flex w-full flex-col gap-1 empty:hidden first:pt-[3px]\">\n<div class=\"markdown prose w-full break-words dark:prose-invert light\">\n<p>\u00c9tiquettes Bizerba. Nos <strong>\u00e9tiquettes de balance 58&#215;43 mm<\/strong> sont sp\u00e9cialement con\u00e7ues pour \u00eatre utilis\u00e9es dans diff\u00e9rents types de balances et d&rsquo;\u00e9tiqueteuses de prix. Ils constituent une excellente solution pour une identification claire et professionnelle des produits dans les supermarch\u00e9s, les boucheries, les boulangeries et autres environnements de vente au d\u00e9tail.<\/p>\n<p><strong>Caract\u00e9ristiques principales :<\/strong><\/p>\n<ul>\n<li><strong>Dimensions :<\/strong> 58 x 43 mm, parfaitement adapt\u00e9es aux syst\u00e8mes d&rsquo;\u00e9chelle standard.<\/li>\n<li><strong>Mat\u00e9riau :<\/strong> papier thermique ou non thermique de haute qualit\u00e9, adapt\u00e9 \u00e0 une lisibilit\u00e9 \u00e0 long terme.<\/li>\n<li><strong>Adh\u00e9sif :<\/strong> possibilit\u00e9 d&rsquo;adh\u00e9sif permanent ou amovible, selon vos besoins.<\/li>\n<li><strong>Compatibilit\u00e9 :<\/strong> convient \u00e0 la plupart des marques et mod\u00e8les de balances dot\u00e9es d&rsquo;une fonction d&rsquo;\u00e9tiquetage.<\/li>\n<li><strong>Conditionnement :<\/strong> disponible en rouleaux pour une utilisation facile et un minimum de d\u00e9chets.<\/li>\n<\/ul>\n<p><strong>Avantages :<\/strong><\/p>\n<ul>\n<li><strong>Durable :<\/strong> r\u00e9sistant aux d\u00e9chirures et aux taches, pour un \u00e9tiquetage fiable.<\/li>\n<li><strong>Professionnel :<\/strong> assure une pr\u00e9sentation soign\u00e9e et rationalis\u00e9e de vos produits.<\/li>\n<li><strong>Polyvalent :<\/strong> id\u00e9al pour les aliments emball\u00e9s tels que la viande, le fromage, les l\u00e9gumes, etc.<\/li>\n<\/ul>\n<p>Commandez d\u00e8s aujourd&rsquo;hui nos \u00e9tiquettes de balances et profitez d&rsquo;un \u00e9tiquetage de haute qualit\u00e9 pour vos produits !<\/p>\n<\/div>\n<\/div>\n<\/div>\n<\/div>\n","protected":false},"excerpt":{"rendered":"<p>Etiquettes Bizerba \u00e9chelle 58x43mm Qualit\u00e9 : Thermique Couleur : blanc Format de l&rsquo;\u00e9tiquette en mm : 58\u00d743 Nombre d&rsquo;\u00e9tiquettes par rouleau : 1050 50 rouleaux par bo\u00eete Noyau : 40mm Enroulement : ext\u00e9rieur A partir de 1 bo\u00eete : \u20ac4.90 par rouleau A partir de 3 bo\u00eetes : \u20ac4.40 par rouleau A partir de 5 bo\u00eetes : \u20ac3.90 par rouleau<\/p>\n","protected":false},"featured_media":856,"comment_status":"closed","ping_status":"closed","template":"","meta":[],"product_brand":[],"product_cat":[75],"product_tag":[],"class_list":{"0":"post-944","1":"product","2":"type-product","3":"status-publish","4":"has-post-thumbnail","6":"product_cat-etiquettes-dechelle-58x43","8":"first","9":"instock","10":"taxable","11":"shipping-taxable","12":"purchasable","13":"product-type-simple"},"tiered_pricing_type":"fixed","tiered_pricing_fixed_rules":{"3":"217.90","5":"189.50"},"tiered_pricing_product_settings":{"layout":"default","base_unit_name":{"singular":null,"plural":null},"default_variation":null},"tiered_pricing_minimum_quantity":null,"tiered_pricing_roles_data":[],"tiered_pricing_percentage_rules":[],"_links":{"self":[{"href":"https:\/\/linerlesslabels.be\/fr\/wp-json\/wp\/v2\/product\/944","targetHints":{"allow":["GET"]}}],"collection":[{"href":"https:\/\/linerlesslabels.be\/fr\/wp-json\/wp\/v2\/product"}],"about":[{"href":"https:\/\/linerlesslabels.be\/fr\/wp-json\/wp\/v2\/types\/product"}],"replies":[{"embeddable":true,"href":"https:\/\/linerlesslabels.be\/fr\/wp-json\/wp\/v2\/comments?post=944"}],"wp:featuredmedia":[{"embeddable":true,"href":"https:\/\/linerlesslabels.be\/fr\/wp-json\/wp\/v2\/media\/856"}],"wp:attachment":[{"href":"https:\/\/linerlesslabels.be\/fr\/wp-json\/wp\/v2\/media?parent=944"}],"wp:term":[{"taxonomy":"product_brand","embeddable":true,"href":"https:\/\/linerlesslabels.be\/fr\/wp-json\/wp\/v2\/product_brand?post=944"},{"taxonomy":"product_cat","embeddable":true,"href":"https:\/\/linerlesslabels.be\/fr\/wp-json\/wp\/v2\/product_cat?post=944"},{"taxonomy":"product_tag","embeddable":true,"href":"https:\/\/linerlesslabels.be\/fr\/wp-json\/wp\/v2\/product_tag?post=944"}],"curies":[{"name":"wp","href":"https:\/\/api.w.org\/{rel}","templated":true}]}}