{"id":948,"date":"2024-11-14T00:21:58","date_gmt":"2024-11-13T23:21:58","guid":{"rendered":"https:\/\/linerlesslabels.be\/product\/rouleaux-bancontact-57x47x12\/"},"modified":"2024-11-14T00:21:58","modified_gmt":"2024-11-13T23:21:58","slug":"rouleaux-bancontact-57x47x12","status":"publish","type":"product","link":"https:\/\/linerlesslabels.be\/fr\/product\/rouleaux-bancontact-57x47x12\/","title":{"rendered":"Rouleaux Bancontact 57x47x12"},"content":{"rendered":"","protected":false},"excerpt":{"rendered":"<p>Rouleaux de bancontact 57x47x12 Rouleaux de bancontact thermique en papier thermique de qualit\u00e9 A au format 57x47x12mm. Les rouleaux bancontact de ce type ont une longueur de 25 m\u00e8tres de papier thermique en rouleau bancontact.<\/p>\n<p>Prix par bo\u00eete de 50 rouleaux de 25 m\u00e8tres ! sans BPA Caract\u00e9ristiques des bandes d&rsquo;extr\u00e9mit\u00e9<\/p>\n","protected":false},"featured_media":835,"comment_status":"closed","ping_status":"closed","template":"","meta":[],"product_brand":[],"product_cat":[77],"product_tag":[],"class_list":{"0":"post-948","1":"product","2":"type-product","3":"status-publish","4":"has-post-thumbnail","6":"product_cat-rouleaux-de-bancontact","8":"first","9":"instock","10":"taxable","11":"shipping-taxable","12":"purchasable","13":"product-type-simple"},"tiered_pricing_type":"fixed","tiered_pricing_fixed_rules":{"2":"23.70","5":"22.10","10":"17.90","30":"15.85"},"tiered_pricing_product_settings":{"layout":"default","base_unit_name":{"singular":null,"plural":null},"default_variation":null},"tiered_pricing_minimum_quantity":null,"tiered_pricing_roles_data":[],"tiered_pricing_percentage_rules":[],"_links":{"self":[{"href":"https:\/\/linerlesslabels.be\/fr\/wp-json\/wp\/v2\/product\/948","targetHints":{"allow":["GET"]}}],"collection":[{"href":"https:\/\/linerlesslabels.be\/fr\/wp-json\/wp\/v2\/product"}],"about":[{"href":"https:\/\/linerlesslabels.be\/fr\/wp-json\/wp\/v2\/types\/product"}],"replies":[{"embeddable":true,"href":"https:\/\/linerlesslabels.be\/fr\/wp-json\/wp\/v2\/comments?post=948"}],"wp:featuredmedia":[{"embeddable":true,"href":"https:\/\/linerlesslabels.be\/fr\/wp-json\/wp\/v2\/media\/835"}],"wp:attachment":[{"href":"https:\/\/linerlesslabels.be\/fr\/wp-json\/wp\/v2\/media?parent=948"}],"wp:term":[{"taxonomy":"product_brand","embeddable":true,"href":"https:\/\/linerlesslabels.be\/fr\/wp-json\/wp\/v2\/product_brand?post=948"},{"taxonomy":"product_cat","embeddable":true,"href":"https:\/\/linerlesslabels.be\/fr\/wp-json\/wp\/v2\/product_cat?post=948"},{"taxonomy":"product_tag","embeddable":true,"href":"https:\/\/linerlesslabels.be\/fr\/wp-json\/wp\/v2\/product_tag?post=948"}],"curies":[{"name":"wp","href":"https:\/\/api.w.org\/{rel}","templated":true}]}}